{"id":6,"date":"2015-07-02T14:54:31","date_gmt":"2015-07-02T12:54:31","guid":{"rendered":"http:\/\/felkeverein.de.w0135e62.kasserver.com\/wordpress\/?page_id=6"},"modified":"2017-02-06T08:37:36","modified_gmt":"2017-02-06T07:37:36","slug":"historie","status":"publish","type":"page","link":"https:\/\/www.felkeverein.de\/index.php\/historie\/","title":{"rendered":"Historie"},"content":{"rendered":"<div id=\"pl-6\"  class=\"panel-layout\" ><div id=\"pg-6-0\"  class=\"panel-grid panel-no-style\" ><div id=\"pgc-6-0-0\"  class=\"panel-grid-cell\" ><div id=\"panel-6-0-0-0\" class=\"so-panel widget widget_sow-editor panel-first-child panel-last-child\" data-index=\"0\" ><div class=\"so-widget-sow-editor so-widget-sow-editor-base\">\n<div class=\"siteorigin-widget-tinymce textwidget\">\n\t<p><strong>1894<\/strong> kam Felke als Pfarrer in das Bauerndorf Repelen um hier an der ev. Kirche t\u00e4tig zu sein.<\/p>\n<p><strong>1896<\/strong> gr\u00fcndete sich ein hom\u00f6opathischer Verein, da inzwischen hunderte kranker Menschen das Dorf bev\u00f6lkerten, um von Felke mit Naturheilmitteln und hom\u00f6opathischen Arzneien geheilt zu werden.<\/p>\n<p>Im Dorf gegen\u00fcber dem Hotel \"Zur Linde\" richtete man Felke ein Sprechzimmer ein, damit die Kranken nicht das Pfarrhaus belagerten. Durch die vielen Erfolge des \"Lehmpastors\" gr\u00fcndeten geschickte B\u00fcrger die sogen. \"Jungborngesellschaft\"<\/p>\n<p>&nbsp;<\/p>\n<\/div>\n<\/div><\/div><\/div><div id=\"pgc-6-0-1\"  class=\"panel-grid-cell\" ><div id=\"panel-6-0-1-0\" class=\"so-panel widget widget_sow-image panel-first-child panel-last-child\" data-index=\"1\" ><div class=\"so-widget-sow-image so-widget-sow-image-default-d6014b76747a\">\n\n<div class=\"sow-image-container\">\n\t<img src=\"https:\/\/www.felkeverein.de\/wp-content\/uploads\/2015\/08\/Felke_Bild-01_Portrait_Felke.jpg\" width=\"298\" height=\"425\" srcset=\"https:\/\/www.felkeverein.de\/wp-content\/uploads\/2015\/08\/Felke_Bild-01_Portrait_Felke.jpg 298w, https:\/\/www.felkeverein.de\/wp-content\/uploads\/2015\/08\/Felke_Bild-01_Portrait_Felke-210x300.jpg 210w\" sizes=\"(max-width: 298px) 100vw, 298px\" title=\"Felke Portrait\" alt=\"\" \t\tclass=\"so-widget-image\"\/>\n<\/div>\n\n<\/div><\/div><\/div><div id=\"pgc-6-0-2\"  class=\"panel-grid-cell\" ><div id=\"panel-6-0-2-0\" class=\"so-panel widget widget_sow-image panel-first-child panel-last-child\" data-index=\"2\" ><div class=\"so-widget-sow-image so-widget-sow-image-default-d6014b76747a\">\n\n<div class=\"sow-image-container\">\n\t<img src=\"https:\/\/www.felkeverein.de\/wp-content\/uploads\/2015\/07\/Felke_Wassertreten3-198x300.jpg\" width=\"198\" height=\"300\" sizes=\"(max-width: 198px) 100vw, 198px\" title=\"Felke_Wassertreten3-198&#215;300\" alt=\"\" \t\tclass=\"so-widget-image\"\/>\n<\/div>\n\n<\/div><\/div><\/div><\/div><div id=\"pg-6-1\"  class=\"panel-grid panel-no-style\" ><div id=\"pgc-6-1-0\"  class=\"panel-grid-cell\" ><div id=\"panel-6-1-0-0\" class=\"so-panel widget widget_sow-editor panel-first-child panel-last-child\" data-index=\"3\" ><div class=\"so-widget-sow-editor so-widget-sow-editor-base\">\n<div class=\"siteorigin-widget-tinymce textwidget\">\n\t<p><strong>1898<\/strong> wurde mit Hilfe der Repelener B\u00fcrger der pr\u00e4chtige Jungbornpark zum Kurpark umfunktioniert. Nur Repelener durften Anteile kaufen, die mit 4 % verzinst wurden. In Eigenarbeit von 81 Anteilseignern begann man mit der Arbeit, einen Kurpark zu schaffen. B\u00e4ume und Str\u00e4ucher wurden gepflanzt, Wege angelegt, Brunnen gebohrt und Wasserleitungen verlegt, Aborte eingerichtet.<br \/>Es entstand ein Frauen- und M\u00e4nnerpark, umgeben mit 3 m hohen Bretterz\u00e4unen, der gegen neugierige Blicke sch\u00fctzen sollte, denn innerhalb der Parks bewegte man sich wie Gott einen geschaffen hat. Auch an die Kinder wurde gedacht - so gab es eine kleine Anlage f\u00fcr M\u00e4dchen und eine f\u00fcr Jungen.<\/p>\n<p><\/p>\n<\/div>\n<\/div><\/div><\/div><div id=\"pgc-6-1-1\"  class=\"panel-grid-cell\" ><div id=\"panel-6-1-1-0\" class=\"so-panel widget widget_sow-image panel-first-child panel-last-child\" data-index=\"4\" ><div class=\"so-widget-sow-image so-widget-sow-image-default-d6014b76747a\">\n\n<div class=\"sow-image-container\">\n\t<img src=\"https:\/\/www.felkeverein.de\/wp-content\/uploads\/2015\/07\/Felke_Bild-06_Lufthuetten.jpg\" width=\"469\" height=\"283\" srcset=\"https:\/\/www.felkeverein.de\/wp-content\/uploads\/2015\/07\/Felke_Bild-06_Lufthuetten.jpg 469w, https:\/\/www.felkeverein.de\/wp-content\/uploads\/2015\/07\/Felke_Bild-06_Lufthuetten-300x181.jpg 300w\" sizes=\"(max-width: 469px) 100vw, 469px\" alt=\"\" \t\tclass=\"so-widget-image\"\/>\n<\/div>\n\n<\/div><\/div><\/div><\/div><div id=\"pg-6-2\"  class=\"panel-grid panel-no-style\" ><div id=\"pgc-6-2-0\"  class=\"panel-grid-cell\" ><div id=\"panel-6-2-0-0\" class=\"so-panel widget widget_sow-image panel-first-child panel-last-child\" data-index=\"5\" ><div class=\"so-widget-sow-image so-widget-sow-image-default-d6014b76747a\">\n\n<div class=\"sow-image-container\">\n\t<img src=\"https:\/\/www.felkeverein.de\/wp-content\/uploads\/2015\/07\/Felke_vor_Kirche_500.jpg\" width=\"500\" height=\"492\" srcset=\"https:\/\/www.felkeverein.de\/wp-content\/uploads\/2015\/07\/Felke_vor_Kirche_500.jpg 500w, https:\/\/www.felkeverein.de\/wp-content\/uploads\/2015\/07\/Felke_vor_Kirche_500-300x295.jpg 300w\" sizes=\"(max-width: 500px) 100vw, 500px\" alt=\"\" \t\tclass=\"so-widget-image\"\/>\n<\/div>\n\n<\/div><\/div><\/div><div id=\"pgc-6-2-1\"  class=\"panel-grid-cell\" ><div id=\"panel-6-2-1-0\" class=\"so-panel widget widget_sow-editor panel-first-child panel-last-child\" data-index=\"6\" ><div class=\"so-widget-sow-editor so-widget-sow-editor-base\">\n<div class=\"siteorigin-widget-tinymce textwidget\">\n\t<p>Die Felke-Kur wurde in kurzer Zeit weltbekannt und so trafen auch Kurg\u00e4ste aus Amerika, Holland, Belgien, Ru\u00dfland, Italien und aus vielen L\u00e4ndern der Erde in Repelen ein um sich der strengen Kurordnung zu unterwerfen.<br \/>Die S\u00e4ulen einer Felkekur, Licht, Luft, Wasser, Erde (Lehm), haben unserem \"Lehmpastor\", wie er liebevoll genannt wurde, zu Weltruhm verholfen. Viele Arbeitspl\u00e4tze wurden geschaffen - so wurde das ber\u00fchmte Grahambrot bis nach Berlin verschickt - die Sitzreibewannen stellte ein Klempner in Repelen her und sie fanden rei\u00dfenden Absatz. Es entstanden Cafes, Pensionen, die Hauderer (heute nennt man sie Taxifahrer) hatten ihr geregeltes Einkommen, wenn sie f\u00fcr Spanndienste eingesetzt wurden oder die Kurg\u00e4ste mit Pferd und Wagen vom Bahnhof Repelen abholten.<\/p>\n<p><strong>1912<\/strong> legte Felke sein Amt als Pfarrer nieder mit Verzicht auf Pensionsanspr\u00fcche um sich ausschlie\u00dflich den Kranken zu widmen. Sein Nachfolger wurde Pfarrer Sohnius. <\/p>\n<\/div>\n<\/div><\/div><\/div><\/div><div id=\"pg-6-3\"  class=\"panel-grid panel-no-style\" ><div id=\"pgc-6-3-0\"  class=\"panel-grid-cell\" ><div id=\"panel-6-3-0-0\" class=\"so-panel widget widget_sow-editor panel-first-child panel-last-child\" data-index=\"7\" ><div class=\"so-widget-sow-editor so-widget-sow-editor-base\">\n<div class=\"siteorigin-widget-tinymce textwidget\">\n\t<p>Das pr\u00e4chtige Kurhotel \"Hotel Jungborn\" wurde 1914 in Betrieb genommen, um den Gutbetuchten eine etwas komfortablere Unterbringung zu bieten - denn die Licht-Luft-H\u00fctten im Park reichten zum einen nicht aus und zum anderen boten sie wenig Komfort. Nach Ausbruch des ersten Weltkrieges kam der Kurbetrieb zum Erliegen. Alle Kurg\u00e4ste reisten ab und das Dorf war verwaist. Das Kurhotel war nun Lazarett und die Kranken wurden von einem Milit\u00e4rarzt versorgt, wobei auch die Felkekur in Anspruch genommen wurde.<\/p>\n<p>Felke ging nach Sobernheim, seiner sp\u00e4teren Wirkungsst\u00e4tte. Einer seiner Kranken, Andres Dhonau, hat dort mit ihm ein Felkekurzentrum geschaffen. 14-t\u00e4gig besuchte der Pastor aber noch seine Patienten in Repelen. Bis zu seinem Tode 1926 behielt Repelen noch seinen Namen als Kurort.<\/p>\n<p><strong>1926<\/strong> \u00fcbernahm der Hotelier Wilhelm Olmesdahl das Jungbornhotel.<br \/>Der Kurpark wurde von der Jungborngesellschaft an die Gemeinde Rheinkamp verkauft und man versuchte den Kurbetrieb wieder aufbl\u00fchen zu lassen.<\/p>\n<\/div>\n<\/div><\/div><\/div><div id=\"pgc-6-3-1\"  class=\"panel-grid-cell\" ><div id=\"panel-6-3-1-0\" class=\"so-panel widget widget_sow-image panel-first-child\" data-index=\"8\" ><div class=\"so-widget-sow-image so-widget-sow-image-default-d6014b76747a\">\n\n<div class=\"sow-image-container\">\n\t<img src=\"https:\/\/www.felkeverein.de\/wp-content\/uploads\/2015\/07\/Felke_Bild-04_Jungbornh_vom_Park.jpg\" width=\"500\" height=\"311\" srcset=\"https:\/\/www.felkeverein.de\/wp-content\/uploads\/2015\/07\/Felke_Bild-04_Jungbornh_vom_Park.jpg 500w, https:\/\/www.felkeverein.de\/wp-content\/uploads\/2015\/07\/Felke_Bild-04_Jungbornh_vom_Park-300x187.jpg 300w\" sizes=\"(max-width: 500px) 100vw, 500px\" alt=\"\" \t\tclass=\"so-widget-image\"\/>\n<\/div>\n\n<\/div><\/div><div id=\"panel-6-3-1-1\" class=\"so-panel widget widget_sow-image panel-last-child\" data-index=\"9\" ><div class=\"so-widget-sow-image so-widget-sow-image-default-d6014b76747a\">\n\n<div class=\"sow-image-container\">\n\t<img src=\"https:\/\/www.felkeverein.de\/wp-content\/uploads\/2015\/07\/Felke_Bild-06_Lufthuetten.jpg\" width=\"469\" height=\"283\" srcset=\"https:\/\/www.felkeverein.de\/wp-content\/uploads\/2015\/07\/Felke_Bild-06_Lufthuetten.jpg 469w, https:\/\/www.felkeverein.de\/wp-content\/uploads\/2015\/07\/Felke_Bild-06_Lufthuetten-300x181.jpg 300w\" sizes=\"(max-width: 469px) 100vw, 469px\" alt=\"\" \t\tclass=\"so-widget-image\"\/>\n<\/div>\n\n<\/div><\/div><\/div><\/div><\/div>","protected":false},"excerpt":{"rendered":"<p>1894 kam Felke als Pfarrer in das Bauerndorf Repelen um hier an der ev. Kirche t\u00e4tig zu sein. 1896 gr\u00fcndete sich ein hom\u00f6opathischer Verein, da inzwischen hunderte kranker Menschen das Dorf bev\u00f6lkerten, um von Felke mit Naturheilmitteln und hom\u00f6opathischen Arzneien geheilt zu werden. Im Dorf gegen\u00fcber dem Hotel &#8222;Zur Linde&#8220; richtete man Felke ein Sprechzimmer ein, damit die Kranken nicht das Pfarrhaus belagerten. Durch die vielen Erfolge des &#8222;Lehmpastors&#8220; gr\u00fcndeten geschickte B\u00fcrger die sogen. &#8222;Jungborngesellschaft&#8220; &nbsp; 1898 wurde mit Hilfe der Repelener B\u00fcrger der pr\u00e4chtige Jungbornpark zum Kurpark umfunktioniert. Nur Repelener durften Anteile kaufen, die mit 4 % verzinst wurden. In Eigenarbeit von 81 Anteilseignern begann man mit der Arbeit, einen Kurpark zu schaffen. B\u00e4ume und Str\u00e4ucher wurden gepflanzt, Wege angelegt, Brunnen gebohrt und Wasserleitungen &hellip; <a href=\"https:\/\/www.felkeverein.de\/index.php\/historie\/\">mehr lesen<\/a><\/p>\n","protected":false},"author":1,"featured_media":0,"parent":0,"menu_order":0,"comment_status":"closed","ping_status":"closed","template":"","meta":{"inline_featured_image":false},"_links":{"self":[{"href":"https:\/\/www.felkeverein.de\/index.php\/wp-json\/wp\/v2\/pages\/6"}],"collection":[{"href":"https:\/\/www.felkeverein.de\/index.php\/wp-json\/wp\/v2\/pages"}],"about":[{"href":"https:\/\/www.felkeverein.de\/index.php\/wp-json\/wp\/v2\/types\/page"}],"author":[{"embeddable":true,"href":"https:\/\/www.felkeverein.de\/index.php\/wp-json\/wp\/v2\/users\/1"}],"replies":[{"embeddable":true,"href":"https:\/\/www.felkeverein.de\/index.php\/wp-json\/wp\/v2\/comments?post=6"}],"version-history":[{"count":38,"href":"https:\/\/www.felkeverein.de\/index.php\/wp-json\/wp\/v2\/pages\/6\/revisions"}],"predecessor-version":[{"id":193,"href":"https:\/\/www.felkeverein.de\/index.php\/wp-json\/wp\/v2\/pages\/6\/revisions\/193"}],"wp:attachment":[{"href":"https:\/\/www.felkeverein.de\/index.php\/wp-json\/wp\/v2\/media?parent=6"}],"curies":[{"name":"wp","href":"https:\/\/api.w.org\/{rel}","templated":true}]}}